{"id":2318,"date":"2019-03-09T01:04:22","date_gmt":"2019-03-09T01:04:22","guid":{"rendered":"http:\/\/www.pkphysiotherapy.com\/oferta\/"},"modified":"2021-12-12T00:58:54","modified_gmt":"2021-12-12T00:58:54","slug":"oferta","status":"publish","type":"page","link":"https:\/\/www.pkphysiotherapy.com\/pl\/oferta\/","title":{"rendered":"Oferta"},"content":{"rendered":"<div class=\"wpb-content-wrapper\"><p>[vc_row][vc_column width=&#8221;2\/3&#8243;][vc_column_text][\/vc_column_text][vc_column_text]\u2022 Wst\u0119pne badanie<\/p>\n<p>\u2022 Fala Uderzeniowa &#8211; ASTAR Impactis M+ (Wszystkie informacje, na stronie g\u0142\u00f3wnej)<\/p>\n<p>\u2022 Elektroterapia (IFT, TENS, EMS, ULTRASOUND, INFRARED LIGHT)<\/p>\n<p>\u2022 Laseroterapia<\/p>\n<p>\u2022 Percussive Therapy (Theragun D3PRO)<\/p>\n<p>\u2022 Akupresura<br \/>\n\u2022 Kinesiotaping<br \/>\n\u2022 Leczenie uraz\u00f3w sportowych<br \/>\n\u2022 Masa\u017c (wszystkie rodzaje)<br \/>\n\u2022 Rehabilitacje po d\u0142ugim unieruchomieniu lub operacjach<br \/>\n\u2022 Mobilizacje i manipulacje staw\u00f3w<br \/>\n\u2022 Re-edukacja mi\u0119\u015bni<br \/>\n\u2022 Spersonalizowane zestawy \u0107wicze\u0144<br \/>\n\u2022 Edukacja pacjenta<br \/>\n\u2022 Porady<\/p>\n<p>\u2022 Wystawiam rachunki[\/vc_column_text] <h2 style=\"color:;padding:px;text-align:;font-size:px;line-height:px;letter-spacing: px;font-weight:\" class=\"    \">W MOIM GABINECIE CZ\u0118STO LECZ\u0118<\/h2> <div style=\"background-color:;height: 20px\" class=\"nicdark_section  \"><\/div>[vc_column_text]\u2022 B\u00f3le i sztywno\u015b\u0107 staw\u00f3w<br \/>\n\u2022 Uszkodzenia mi\u0119\u015bni<br \/>\n\u2022 Tendinopatia<br \/>\n\u2022 B\u00f3l plec\u00f3w<br \/>\n\u2022 Przepuklina dyskowa<br \/>\n\u2022 \u0141okie\u0107 tenisisty\/golfisty<br \/>\n\u2022 Zesp\u00f3\u0142 cie\u015bni nadgarstka<br \/>\n\u2022 Shin splints (syndrom napi\u0119cia przy\u015brodkowej strony piszczeli)<br \/>\n\u2022 Whiplash (uraz szyji)<br \/>\n\u2022 B\u00f3l g\u0142owy<br \/>\n\u2022 Rehabilitacja pooperacyjna (biodro\/kolano)<br \/>\n\u2022 Rehabilitacja po z\u0142amaniach<br \/>\n\u2022 Korekcje chodu[\/vc_column_text][\/vc_column][vc_column width=&#8221;1\/3&#8243; css=&#8221;.vc_custom_1486115020030{padding-right: 30px !important;padding-left: 30px !important;}&#8221;][vc_row_inner][vc_column_inner css=&#8221;.vc_custom_1551396570019{padding-top: 30px !important;padding-right: 30px !important;padding-bottom: 15px !important;padding-left: 30px !important;}&#8221;][vc_single_image image=&#8221;2174&#8243; img_size=&#8221;large&#8221; style=&#8221;vc_box_shadow_3d&#8221;][\/vc_column_inner][\/vc_row_inner][vc_row_inner][vc_column_inner css=&#8221;.vc_custom_1551396570019{padding-top: 30px !important;padding-right: 30px !important;padding-bottom: 15px !important;padding-left: 30px !important;}&#8221;][vc_single_image image=&#8221;2166&#8243; img_size=&#8221;large&#8221; style=&#8221;vc_box_shadow_3d&#8221;][\/vc_column_inner][\/vc_row_inner][\/vc_column][\/vc_row]<\/p>\n<\/div>","protected":false},"excerpt":{"rendered":"<p>[vc_row][vc_column width=&#8221;2\/3&#8243;][vc_column_text][\/vc_column_text][vc_column_text]\u2022 Wst\u0119pne badanie \u2022 Fala Uderzeniowa &#8211; ASTAR Impactis M+ (Wszystkie informacje, na stronie g\u0142\u00f3wnej) \u2022 Elektroterapia (IFT, TENS, EMS, ULTRASOUND, INFRARED LIGHT) \u2022 Laseroterapia \u2022 Percussive Therapy (Theragun D3PRO) \u2022 Akupresura \u2022 Kinesiotaping \u2022 Leczenie uraz\u00f3w sportowych \u2022 Masa\u017c (wszystkie rodzaje) \u2022 Rehabilitacje po d\u0142ugim unieruchomieniu lub operacjach \u2022 Mobilizacje i manipulacje staw\u00f3w [&hellip;]<\/p>\n","protected":false},"author":1,"featured_media":0,"parent":0,"menu_order":0,"comment_status":"closed","ping_status":"closed","template":"","meta":{"om_disable_all_campaigns":false,"_exactmetrics_skip_tracking":false,"_exactmetrics_sitenote_active":false,"_exactmetrics_sitenote_note":"","_exactmetrics_sitenote_category":0,"_monsterinsights_skip_tracking":false,"_monsterinsights_sitenote_active":false,"_monsterinsights_sitenote_note":"","_monsterinsights_sitenote_category":0,"footnotes":""},"aioseo_notices":[],"_links":{"self":[{"href":"https:\/\/www.pkphysiotherapy.com\/pl\/wp-json\/wp\/v2\/pages\/2318\/"}],"collection":[{"href":"https:\/\/www.pkphysiotherapy.com\/pl\/wp-json\/wp\/v2\/pages\/"}],"about":[{"href":"https:\/\/www.pkphysiotherapy.com\/pl\/wp-json\/wp\/v2\/types\/page\/"}],"author":[{"embeddable":true,"href":"https:\/\/www.pkphysiotherapy.com\/pl\/wp-json\/wp\/v2\/users\/1\/"}],"replies":[{"embeddable":true,"href":"https:\/\/www.pkphysiotherapy.com\/pl\/wp-json\/wp\/v2\/comments\/?post=2318"}],"version-history":[{"count":10,"href":"https:\/\/www.pkphysiotherapy.com\/pl\/wp-json\/wp\/v2\/pages\/2318\/revisions\/"}],"predecessor-version":[{"id":3289,"href":"https:\/\/www.pkphysiotherapy.com\/pl\/wp-json\/wp\/v2\/pages\/2318\/revisions\/3289\/"}],"wp:attachment":[{"href":"https:\/\/www.pkphysiotherapy.com\/pl\/wp-json\/wp\/v2\/media\/?parent=2318"}],"curies":[{"name":"wp","href":"https:\/\/api.w.org\/{rel}","templated":true}]}}