{"id":2310,"date":"2019-03-09T00:55:37","date_gmt":"2019-03-09T00:55:37","guid":{"rendered":"http:\/\/www.pkphysiotherapy.com\/cennik\/"},"modified":"2025-12-30T10:48:09","modified_gmt":"2025-12-30T10:48:09","slug":"cennik","status":"publish","type":"page","link":"https:\/\/www.pkphysiotherapy.com\/pl\/cennik\/","title":{"rendered":"Cennik"},"content":{"rendered":"<div class=\"wpb-content-wrapper\"><p>[vc_row css=&#8221;.vc_custom_1485535823349{margin-top: 50px !important;}&#8221;][vc_column] <h1 style=\"color:#a3a3a3;padding:px;text-align:center;font-size:17px;line-height:17px;letter-spacing: 3px;font-weight:bold\" class=\"   nd_options_second_font \">CENY ZABIEG\u00d3W<\/h1> <div style=\"background-color:;height: 10px\" class=\"nicdark_section  \"><\/div>[\/vc_column][\/vc_row][vc_row css=&#8221;.vc_custom_1484580710818{margin-top: 60px !important;}&#8221;][vc_column width=&#8221;1\/2&#8243; css=&#8221;.vc_custom_1485877674095{padding-right: 30px !important;padding-left: 30px !important;}&#8221;][vc_row_inner][vc_column_inner css=&#8221;.vc_custom_1551641342499{background-position: center !important;background-repeat: no-repeat !important;background-size: cover !important;}&#8221;][vc_single_image image=&#8221;2206&#8243; img_size=&#8221;full&#8221; style=&#8221;vc_box_shadow_3d&#8221;][\/vc_column_inner][\/vc_row_inner][\/vc_column][vc_column width=&#8221;1\/2&#8243; css=&#8221;.vc_custom_1485354113019{padding-right: 30px !important;padding-left: 30px !important;}&#8221;][vc_row_inner][vc_column_inner el_class=&#8221;nd_options_padding_20_first_div_important_responsive&#8221; css=&#8221;.vc_custom_1485536748235{border-top-width: 1px !important;border-right-width: 1px !important;border-bottom-width: 1px !important;border-left-width: 1px !important;padding-top: 40px !important;padding-right: 40px !important;padding-bottom: 40px !important;padding-left: 40px !important;border-left-color: #f1f1f1 !important;border-left-style: solid !important;border-right-color: #f1f1f1 !important;border-right-style: solid !important;border-top-color: #f1f1f1 !important;border-top-style: solid !important;border-bottom-color: #f1f1f1 !important;border-bottom-style: solid !important;}&#8221;]<div style=\"background-color:;height: 10px\" class=\"nicdark_section  \"><\/div> <h2 style=\"color:;padding:px;text-align:center;font-size:25px;line-height:25px;letter-spacing: px;font-weight:bold\" class=\"   nd_options_second_font \">Godziny Przyj\u0119\u0107<\/h2> <div style=\"background-color:;height: 40px\" class=\"nicdark_section  \"><\/div>\n    <div class=\" nd_options_list_component_l1 nd_options_section nd_options_position_relative  \">\n\n        \n        \n        <div class=\"nd_options_section nd_options_height_15\"><\/div>\n        <div class=\"nd_options_section nd_options_position_relative\">\n            <div class=\"nd_options_position_absolute nd_options_height_3 nd_options_width_100_percentage nd_options_bottom_2 nd_options_border_bottom_2_dotted_grey\"><\/div>\n            <h4 class=\"  nd_options_bg_white nd_options_float_left nd_options_position_relative nd_options_padding_right_10\"><strong>PN - PT 17:00, 18:00, 19:00, 20:00<\/strong><\/h4>\n            <h4 class=\"nd_options_bg_white nd_options_float_right nd_options_position_relative nd_options_padding_left_10\"><strong>\u00a3 55.00 do \u00a370.00<\/strong><\/h4>\n        <\/div>\n        <div class=\"nd_options_section nd_options_height_10\"><\/div>\n        <div class=\"nd_options_section\">\n            <p class=\"  nd_options_font_weight_lighter nd_options_float_left\">ASSESSMENT + ZABIEG FIZJOTERAPII: (70 \u00a3) Wybierz t\u0119 opcj\u0119, je\u015bli masz problem, z kt\u00f3rym wcze\u015bniej si\u0119 do nas nie zg\u0142asza\u0142e\u015b. KONTYNUACJA ZABIEG\u00d3W: (55\u00a3) Wybierz t\u0119 opcj\u0119, je\u015bli wcze\u015bniej widzia\u0142e\u015b si\u0119 z naszym specjalist\u0105 i umawiasz si\u0119 na wizyt\u0119 w tej samej sprawie. (wi\u0119cej opcji podczas rezerwacji online) (do 60 minut)<\/p>\n            <p style=\"background-color:#c4d2d8\" class=\" nd_options_color_white nd_options_display_inline_block nd_options_first_font nd_options_padding_5_10 nd_options_border_radius_15 nd_options_float_right nd_options_font_size_13\"><\/p>\n        <\/div>\n    <\/div>\n  <div style=\"background-color:;height: 10px\" class=\"nicdark_section  \"><\/div>\n    <div class=\" nd_options_list_component_l1 nd_options_section nd_options_position_relative  \">\n\n        \n        \n        <div class=\"nd_options_section nd_options_height_15\"><\/div>\n        <div class=\"nd_options_section nd_options_position_relative\">\n            <div class=\"nd_options_position_absolute nd_options_height_3 nd_options_width_100_percentage nd_options_bottom_2 nd_options_border_bottom_2_dotted_grey\"><\/div>\n            <h4 class=\"  nd_options_bg_white nd_options_float_left nd_options_position_relative nd_options_padding_right_10\"><strong>SOB 09:00, 10:00, 11:00, 12:00<\/strong><\/h4>\n            <h4 class=\"nd_options_bg_white nd_options_float_right nd_options_position_relative nd_options_padding_left_10\"><strong>\u00a3 55.00 do \u00a3 70.00<\/strong><\/h4>\n        <\/div>\n        <div class=\"nd_options_section nd_options_height_10\"><\/div>\n        <div class=\"nd_options_section\">\n            <p class=\"  nd_options_font_weight_lighter nd_options_float_left\">AASSESSMENT + ZABIEG FIZJOTERAPII: (\u00a370) Wybierz t\u0119 opcj\u0119, je\u015bli masz problem, z kt\u00f3rym wcze\u015bniej si\u0119 do nas nie zg\u0142asza\u0142e\u015b. KONTYNUACJA ZABIEG\u00d3W: (55 \u00a3) Wybierz t\u0119 opcj\u0119, je\u015bli wcze\u015bniej widzia\u0142e\u015b si\u0119 z naszym specjalist\u0105 i umawiasz si\u0119 na wizyt\u0119 w tej samej sprawie. (wi\u0119cej opcji podczas rezerwacji online) (do 60 minut)<\/p>\n            <p style=\"background-color:#c8c4d8\" class=\" nd_options_color_white nd_options_display_inline_block nd_options_first_font nd_options_padding_5_10 nd_options_border_radius_15 nd_options_float_right nd_options_font_size_13\"><\/p>\n        <\/div>\n    <\/div>\n  <div style=\"background-color:;height: 10px\" class=\"nicdark_section  \"><\/div>\n    <div class=\" nd_options_list_component_l1 nd_options_section nd_options_position_relative  \">\n\n        \n        \n        <div class=\"nd_options_section nd_options_height_15\"><\/div>\n        <div class=\"nd_options_section nd_options_position_relative\">\n            <div class=\"nd_options_position_absolute nd_options_height_3 nd_options_width_100_percentage nd_options_bottom_2 nd_options_border_bottom_2_dotted_grey\"><\/div>\n            <h4 class=\"  nd_options_bg_white nd_options_float_left nd_options_position_relative nd_options_padding_right_10\"><strong>DEPOZYT<\/strong><\/h4>\n            <h4 class=\"nd_options_bg_white nd_options_float_right nd_options_position_relative nd_options_padding_left_10\"><strong>\u00a3 20.00<\/strong><\/h4>\n        <\/div>\n        <div class=\"nd_options_section nd_options_height_10\"><\/div>\n        <div class=\"nd_options_section\">\n            <p class=\"  nd_options_font_weight_lighter nd_options_float_left\">Wp\u0142acona kaucja\/depozyt w wysoko\u015bci \u00a320 pozostanie w systemie do ostatnio zaplanowanego zabiegu (je\u015bli takowe b\u0119dzie). Ta kaucja zostanie odliczona od kwoty ostatniego planowanego zabiegu (po zako\u0144czeniu leczenia). *Anulacje lub zmiany termin\u00f3w nale\u017cy zg\u0142osi\u0107 nie p\u00f3\u017aniej ni\u017c 24 godziny przed zaplanowan\u0105 wizyt\u0105. W przeciwnym razie kaucja nie b\u0119dzie zwr\u00f3cona.<\/p>\n            <p style=\"background-color:#c4d2d8\" class=\" nd_options_color_white nd_options_display_inline_block nd_options_first_font nd_options_padding_5_10 nd_options_border_radius_15 nd_options_float_right nd_options_font_size_13\"><\/p>\n        <\/div>\n    <\/div>\n  <div style=\"background-color:;height: 10px\" class=\"nicdark_section  \"><\/div>\n    <div class=\" nd_options_list_component_l1 nd_options_section nd_options_position_relative  \">\n\n        \n        \n        <div class=\"nd_options_section nd_options_height_15\"><\/div>\n        <div class=\"nd_options_section nd_options_position_relative\">\n            <div class=\"nd_options_position_absolute nd_options_height_3 nd_options_width_100_percentage nd_options_bottom_2 nd_options_border_bottom_2_dotted_grey\"><\/div>\n            <h4 class=\"  nd_options_bg_white nd_options_float_left nd_options_position_relative nd_options_padding_right_10\"><strong><\/strong><\/h4>\n            <h4 class=\"nd_options_bg_white nd_options_float_right nd_options_position_relative nd_options_padding_left_10\"><strong><\/strong><\/h4>\n        <\/div>\n        <div class=\"nd_options_section nd_options_height_10\"><\/div>\n        <div class=\"nd_options_section\">\n            <p class=\"  nd_options_font_weight_lighter nd_options_float_left\">Cena \u00a3\u00a3... mo\u017ce zale\u017ce\u0107 od indywidualnych potrzeb\/\u017cycze\u0144 pacjenta. Dodatkowe opcje cenowe b\u0119d\u0105 dost\u0119pne w trakcie procesu rezerwacji.<\/p>\n            <p style=\"background-color:#c4d2d8\" class=\" nd_options_color_white nd_options_display_inline_block nd_options_first_font nd_options_padding_5_10 nd_options_border_radius_15 nd_options_float_right nd_options_font_size_13\"><\/p>\n        <\/div>\n    <\/div>\n  [\/vc_column_inner][\/vc_row_inner][\/vc_column][\/vc_row]<\/p>\n<\/div>","protected":false},"excerpt":{"rendered":"<p>[vc_row css=&#8221;.vc_custom_1485535823349{margin-top: 50px !important;}&#8221;][vc_column][\/vc_column][\/vc_row][vc_row css=&#8221;.vc_custom_1484580710818{margin-top: 60px !important;}&#8221;][vc_column width=&#8221;1\/2&#8243; css=&#8221;.vc_custom_1485877674095{padding-right: 30px !important;padding-left: 30px !important;}&#8221;][vc_row_inner][vc_column_inner css=&#8221;.vc_custom_1551641342499{background-position: center !important;background-repeat: no-repeat !important;background-size: cover !important;}&#8221;][vc_single_image image=&#8221;2206&#8243; img_size=&#8221;full&#8221; style=&#8221;vc_box_shadow_3d&#8221;][\/vc_column_inner][\/vc_row_inner][\/vc_column][vc_column width=&#8221;1\/2&#8243; css=&#8221;.vc_custom_1485354113019{padding-right: 30px !important;padding-left: 30px !important;}&#8221;][vc_row_inner][vc_column_inner el_class=&#8221;nd_options_padding_20_first_div_important_responsive&#8221; css=&#8221;.vc_custom_1485536748235{border-top-width: 1px !important;border-right-width: 1px !important;border-bottom-width: 1px !important;border-left-width: 1px !important;padding-top: 40px !important;padding-right: 40px !important;padding-bottom: 40px !important;padding-left: 40px !important;border-left-color: #f1f1f1 !important;border-left-style: solid !important;border-right-color: #f1f1f1 !important;border-right-style: solid !important;border-top-color: [&hellip;]<\/p>\n","protected":false},"author":1,"featured_media":0,"parent":0,"menu_order":0,"comment_status":"closed","ping_status":"closed","template":"","meta":{"om_disable_all_campaigns":false,"_exactmetrics_skip_tracking":false,"_exactmetrics_sitenote_active":false,"_exactmetrics_sitenote_note":"","_exactmetrics_sitenote_category":0,"_monsterinsights_skip_tracking":false,"_monsterinsights_sitenote_active":false,"_monsterinsights_sitenote_note":"","_monsterinsights_sitenote_category":0,"footnotes":""},"aioseo_notices":[],"_links":{"self":[{"href":"https:\/\/www.pkphysiotherapy.com\/pl\/wp-json\/wp\/v2\/pages\/2310\/"}],"collection":[{"href":"https:\/\/www.pkphysiotherapy.com\/pl\/wp-json\/wp\/v2\/pages\/"}],"about":[{"href":"https:\/\/www.pkphysiotherapy.com\/pl\/wp-json\/wp\/v2\/types\/page\/"}],"author":[{"embeddable":true,"href":"https:\/\/www.pkphysiotherapy.com\/pl\/wp-json\/wp\/v2\/users\/1\/"}],"replies":[{"embeddable":true,"href":"https:\/\/www.pkphysiotherapy.com\/pl\/wp-json\/wp\/v2\/comments\/?post=2310"}],"version-history":[{"count":37,"href":"https:\/\/www.pkphysiotherapy.com\/pl\/wp-json\/wp\/v2\/pages\/2310\/revisions\/"}],"predecessor-version":[{"id":3562,"href":"https:\/\/www.pkphysiotherapy.com\/pl\/wp-json\/wp\/v2\/pages\/2310\/revisions\/3562\/"}],"wp:attachment":[{"href":"https:\/\/www.pkphysiotherapy.com\/pl\/wp-json\/wp\/v2\/media\/?parent=2310"}],"curies":[{"name":"wp","href":"https:\/\/api.w.org\/{rel}","templated":true}]}}