{"id":2286,"date":"2019-03-08T22:19:56","date_gmt":"2019-03-08T22:19:56","guid":{"rendered":"http:\/\/www.pkphysiotherapy.com\/o-mnie\/"},"modified":"2025-04-27T12:23:44","modified_gmt":"2025-04-27T11:23:44","slug":"o-mnie","status":"publish","type":"page","link":"https:\/\/www.pkphysiotherapy.com\/pl\/o-mnie\/","title":{"rendered":"O mnie"},"content":{"rendered":"<div class=\"wpb-content-wrapper\"><p>[vc_row css=&#8221;.vc_custom_1484579625752{margin-top: 50px !important;}&#8221;][vc_column width=&#8221;1\/2&#8243; css=&#8221;.vc_custom_1467360650255{margin-top: 10px !important;margin-bottom: 10px !important;padding-top: 0px !important;padding-right: 40px !important;}&#8221;] <h2 style=\"color:#727475;padding:px;text-align:right;font-size:40px;line-height:50px;letter-spacing: px;font-weight:bold\" class=\"  nd_options_text_align_center_responsive_important nd_options_first_font \">Piotr Kolodziej BSc, MCSP<\/h2> <div style=\"background-color:;height: 15px\" class=\"nicdark_section  \"><\/div>[vc_column_text el_class=&#8221;nd_options_text_align_center_responsive&#8221;]PK Physiotherapy\u00ae to firma istniej\u0105ca od 1997 r.<br \/>\nW UK od 20 lat \u015bwiadcz\u0105ca us\u0142ugi rehabilitacyjne w prywatnym gabinecie na terenie Northampton.<\/p>\n<p>Zarejestrowany w HCPC, dyplomowany Fizjoterapeuta dostarcza najwy\u017cszy standard porad i us\u0142ug w zakresie leczenia narz\u0105du ruchu[\/vc_column_text]<div style=\"background-color:;height: 5px\" class=\"nicdark_section  \"><\/div>[vc_column_text el_class=&#8221;nd_options_text_align_center_responsive&#8221;]30 lat do\u015bwiadczenia w zawodzie, m.in. na oddzia\u0142ach:<\/p>\n<p>\u2022 Ortopedii<br \/>\n\u2022 Chirurgii<br \/>\n\u2022 Neurologii<br \/>\n\u2022 Reumatologii<br \/>\n\u2022 Kardiologii i Pulmonologii<br \/>\n\u2022 Dermatologii<br \/>\n\u2022 17 lat w brytyjskiej s\u0142u\u017cbie zdrowia<\/p>\n<p>Jestem pewny, ze mog\u0119 pom\u00f3c ![\/vc_column_text][\/vc_column][vc_column width=&#8221;1\/2&#8243; css=&#8221;.vc_custom_1467207292391{margin-top: 10px !important;margin-bottom: 10px !important;padding-top: 0px !important;}&#8221;]<div style=\"background-color:;height: 40px\" class=\"nicdark_section  \"><\/div>[vc_single_image image=&#8221;2157&#8243; img_size=&#8221;medium&#8221; alignment=&#8221;center&#8221; style=&#8221;vc_box_shadow_3d&#8221;]<div style=\"background-color:;height: 40px\" class=\"nicdark_section  \"><\/div>[vc_single_image image=&#8221;3107&#8243; img_size=&#8221;medium&#8221; alignment=&#8221;center&#8221;][\/vc_column][\/vc_row]<\/p>\n<\/div>","protected":false},"excerpt":{"rendered":"<p>[vc_row css=&#8221;.vc_custom_1484579625752{margin-top: 50px !important;}&#8221;][vc_column width=&#8221;1\/2&#8243; css=&#8221;.vc_custom_1467360650255{margin-top: 10px !important;margin-bottom: 10px !important;padding-top: 0px !important;padding-right: 40px !important;}&#8221;][vc_column_text el_class=&#8221;nd_options_text_align_center_responsive&#8221;]PK Physiotherapy\u00ae to firma istniej\u0105ca od 1997 r. W UK od 20 lat \u015bwiadcz\u0105ca us\u0142ugi rehabilitacyjne w prywatnym gabinecie na terenie Northampton. Zarejestrowany w HCPC, dyplomowany Fizjoterapeuta dostarcza najwy\u017cszy standard porad i us\u0142ug w zakresie leczenia narz\u0105du ruchu[\/vc_column_text][vc_column_text el_class=&#8221;nd_options_text_align_center_responsive&#8221;]30 lat do\u015bwiadczenia [&hellip;]<\/p>\n","protected":false},"author":1,"featured_media":0,"parent":0,"menu_order":0,"comment_status":"closed","ping_status":"closed","template":"","meta":{"om_disable_all_campaigns":false,"_exactmetrics_skip_tracking":false,"_exactmetrics_sitenote_active":false,"_exactmetrics_sitenote_note":"","_exactmetrics_sitenote_category":0,"_monsterinsights_skip_tracking":false,"_monsterinsights_sitenote_active":false,"_monsterinsights_sitenote_note":"","_monsterinsights_sitenote_category":0,"footnotes":""},"aioseo_notices":[],"_links":{"self":[{"href":"https:\/\/www.pkphysiotherapy.com\/pl\/wp-json\/wp\/v2\/pages\/2286\/"}],"collection":[{"href":"https:\/\/www.pkphysiotherapy.com\/pl\/wp-json\/wp\/v2\/pages\/"}],"about":[{"href":"https:\/\/www.pkphysiotherapy.com\/pl\/wp-json\/wp\/v2\/types\/page\/"}],"author":[{"embeddable":true,"href":"https:\/\/www.pkphysiotherapy.com\/pl\/wp-json\/wp\/v2\/users\/1\/"}],"replies":[{"embeddable":true,"href":"https:\/\/www.pkphysiotherapy.com\/pl\/wp-json\/wp\/v2\/comments\/?post=2286"}],"version-history":[{"count":13,"href":"https:\/\/www.pkphysiotherapy.com\/pl\/wp-json\/wp\/v2\/pages\/2286\/revisions\/"}],"predecessor-version":[{"id":3540,"href":"https:\/\/www.pkphysiotherapy.com\/pl\/wp-json\/wp\/v2\/pages\/2286\/revisions\/3540\/"}],"wp:attachment":[{"href":"https:\/\/www.pkphysiotherapy.com\/pl\/wp-json\/wp\/v2\/media\/?parent=2286"}],"curies":[{"name":"wp","href":"https:\/\/api.w.org\/{rel}","templated":true}]}}